{"id":1233,"date":"2024-02-28T22:51:21","date_gmt":"2024-02-28T22:51:21","guid":{"rendered":"https:\/\/olivia.mauvestudio.co\/?page_id=1233"},"modified":"2026-03-24T16:29:06","modified_gmt":"2026-03-24T16:29:06","slug":"about","status":"publish","type":"page","link":"https:\/\/gretaaurea.com\/?page_id=1233","title":{"rendered":"About"},"content":{"rendered":"\t\t<div data-elementor-type=\"wp-page\" data-elementor-id=\"1233\" class=\"elementor elementor-1233\">\n\t\t\t\t<div class=\"elementor-element elementor-element-ae80b7f e-flex e-con-boxed e-con e-parent\" data-id=\"ae80b7f\" data-element_type=\"container\" data-e-type=\"container\" data-settings=\"{&quot;background_background&quot;:&quot;classic&quot;,&quot;mauve_ext_is_background_parallax&quot;:&quot;false&quot;}\">\n\t\t\t\t\t<div class=\"e-con-inner\">\n\t\t<div class=\"elementor-element elementor-element-848ab45 e-con-full e-flex e-con e-child\" data-id=\"848ab45\" data-element_type=\"container\" data-e-type=\"container\">\n\t\t\t\t<div data-animation-type=\"block\" class=\"elementor-element elementor-element-66926f8 animated-slow mauve-separator-align-left animation_type_block elementor-invisible elementor-widget elementor-widget-mauve-fancy_heading\" data-id=\"66926f8\" data-element_type=\"widget\" data-e-type=\"widget\" data-settings=\"{&quot;_animation&quot;:&quot;fadeIn&quot;,&quot;mauve_hidepaged&quot;:&quot;false&quot;,&quot;_animation_type&quot;:&quot;block&quot;}\" data-widget_type=\"mauve-fancy_heading.default\">\n\t\t\t\t<div class=\"elementor-widget-container\">\n\t\t\t\t\t\t\t<div class=\"mauve-fancy-heading mauve-heading-text-left\">\n\t\t\t<div class=\"mauve-fancy-heading-inner\">\n\t\t\t\t<div class=\"mauve-heading-subtitle\">Hello!<\/div><h2 class=\"mauve-heading-title\">My name is Bea.<\/h2>\t\t\t<\/div>\n\t\t<\/div>\n\t\t\t\t\t\t<\/div>\n\t\t\t\t<\/div>\n\t\t\t\t<\/div>\n\t\t<div class=\"elementor-element elementor-element-dfd74d0 e-con-full e-flex e-con e-child\" data-id=\"dfd74d0\" data-element_type=\"container\" data-e-type=\"container\">\n\t\t\t\t<div class=\"elementor-element elementor-element-849e53f e-transform elementor-widget elementor-widget-image\" data-id=\"849e53f\" data-element_type=\"widget\" data-e-type=\"widget\" data-settings=\"{&quot;_transform_translateY_effect&quot;:{&quot;unit&quot;:&quot;px&quot;,&quot;size&quot;:76,&quot;sizes&quot;:[]},&quot;_transform_translateY_effect_mobile&quot;:{&quot;unit&quot;:&quot;px&quot;,&quot;size&quot;:0,&quot;sizes&quot;:[]},&quot;mauve_hidepaged&quot;:&quot;false&quot;,&quot;_transform_translateX_effect&quot;:{&quot;unit&quot;:&quot;px&quot;,&quot;size&quot;:&quot;&quot;,&quot;sizes&quot;:[]},&quot;_transform_translateX_effect_laptop&quot;:{&quot;unit&quot;:&quot;px&quot;,&quot;size&quot;:&quot;&quot;,&quot;sizes&quot;:[]},&quot;_transform_translateX_effect_tablet&quot;:{&quot;unit&quot;:&quot;px&quot;,&quot;size&quot;:&quot;&quot;,&quot;sizes&quot;:[]},&quot;_transform_translateX_effect_mobile&quot;:{&quot;unit&quot;:&quot;px&quot;,&quot;size&quot;:&quot;&quot;,&quot;sizes&quot;:[]},&quot;_transform_translateY_effect_laptop&quot;:{&quot;unit&quot;:&quot;px&quot;,&quot;size&quot;:&quot;&quot;,&quot;sizes&quot;:[]},&quot;_transform_translateY_effect_tablet&quot;:{&quot;unit&quot;:&quot;px&quot;,&quot;size&quot;:&quot;&quot;,&quot;sizes&quot;:[]}}\" data-widget_type=\"image.default\">\n\t\t\t\t\t\t\t\t\t\t\t\t\t\t\t<img fetchpriority=\"high\" decoding=\"async\" width=\"752\" height=\"1043\" src=\"https:\/\/gretaaurea.com\/wp-content\/uploads\/2026\/03\/7229e0f9-b9ce-4838-ae1a-b04888668ec9-752x1043.jpg\" class=\"attachment-ms-782-portrait size-ms-782-portrait wp-image-5200\" alt=\"\" \/>\t\t\t\t\t\t\t\t\t\t\t\t\t\t\t<\/div>\n\t\t\t\t<\/div>\n\t\t\t\t\t<\/div>\n\t\t\t\t<\/div>\n\t\t<div class=\"elementor-element elementor-element-9a1b2f8 e-flex e-con-boxed e-con e-parent\" data-id=\"9a1b2f8\" data-element_type=\"container\" data-e-type=\"container\">\n\t\t\t\t\t<div class=\"e-con-inner\">\n\t\t<div class=\"elementor-element elementor-element-606bf24 e-con-full e-flex e-con e-child\" data-id=\"606bf24\" data-element_type=\"container\" data-e-type=\"container\">\n\t\t\t\t<div data-animation-type=\"block\" class=\"elementor-element elementor-element-ca3092c animated-slow mauve-separator-align-left animation_type_block elementor-invisible elementor-widget elementor-widget-mauve-fancy_heading\" data-id=\"ca3092c\" data-element_type=\"widget\" data-e-type=\"widget\" data-settings=\"{&quot;_animation&quot;:&quot;fadeIn&quot;,&quot;mauve_hidepaged&quot;:&quot;false&quot;,&quot;_animation_type&quot;:&quot;block&quot;}\" data-widget_type=\"mauve-fancy_heading.default\">\n\t\t\t\t<div class=\"elementor-widget-container\">\n\t\t\t\t\t\t\t<div class=\"mauve-fancy-heading mauve-heading-text-left\">\n\t\t\t<div class=\"mauve-fancy-heading-inner\">\n\t\t\t\t<div class=\"mauve-heading-subtitle\">Jewelry Designer<\/div><h2 class=\"mauve-heading-title\">Greta Aurea was born from a passion for creating something meaningful \u2014 pieces that women can wear every day and still feel special.\nJewelry, for me, is not just an accessory \u2014 it\u2019s a feeling.<\/h2>\t\t\t<\/div>\n\t\t<\/div>\n\t\t\t\t\t\t<\/div>\n\t\t\t\t<\/div>\n\t\t\t\t<\/div>\n\t\t\t\t\t<\/div>\n\t\t\t\t<\/div>\n\t\t<div class=\"elementor-element elementor-element-5fb6df6 e-flex e-con-boxed e-con e-parent\" data-id=\"5fb6df6\" data-element_type=\"container\" data-e-type=\"container\">\n\t\t\t\t\t<div class=\"e-con-inner\">\n\t\t<div class=\"elementor-element elementor-element-7eba8b7 e-con-full e-flex e-con e-child\" data-id=\"7eba8b7\" data-element_type=\"container\" data-e-type=\"container\">\n\t\t\t\t<div class=\"elementor-element elementor-element-52e5cd2 elementor-widget elementor-widget-image\" data-id=\"52e5cd2\" data-element_type=\"widget\" data-e-type=\"widget\" data-settings=\"{&quot;mauve_hidepaged&quot;:&quot;false&quot;}\" data-widget_type=\"image.default\">\n\t\t\t\t\t\t\t\t\t\t\t\t\t\t\t<img decoding=\"async\" width=\"752\" height=\"1360\" src=\"https:\/\/gretaaurea.com\/wp-content\/uploads\/2026\/03\/415a33f6-9f31-4a87-b4b7-8b7480672bb4.jpg\" class=\"attachment-full size-full wp-image-5201\" alt=\"\" srcset=\"https:\/\/gretaaurea.com\/wp-content\/uploads\/2026\/03\/415a33f6-9f31-4a87-b4b7-8b7480672bb4.jpg 752w, https:\/\/gretaaurea.com\/wp-content\/uploads\/2026\/03\/415a33f6-9f31-4a87-b4b7-8b7480672bb4-576x1042.jpg 576w, https:\/\/gretaaurea.com\/wp-content\/uploads\/2026\/03\/415a33f6-9f31-4a87-b4b7-8b7480672bb4-600x1085.jpg 600w\" sizes=\"(max-width: 752px) 100vw, 752px\" \/>\t\t\t\t\t\t\t\t\t\t\t\t\t\t\t<\/div>\n\t\t\t\t<\/div>\n\t\t<div class=\"elementor-element elementor-element-6c58779 e-con-full e-flex e-con e-child\" data-id=\"6c58779\" data-element_type=\"container\" data-e-type=\"container\">\n\t\t\t\t<div class=\"elementor-element elementor-element-ad877f7 elementor-widget elementor-widget-heading\" data-id=\"ad877f7\" data-element_type=\"widget\" data-e-type=\"widget\" data-settings=\"{&quot;mauve_hidepaged&quot;:&quot;false&quot;}\" data-widget_type=\"heading.default\">\n\t\t\t\t\t<h2 class=\"elementor-heading-title elementor-size-default\">I am a mother of two young children \u2014 an 8-year-old daughter, Gr\u00e9ta, and a 4-year-old son, \u00c1d\u00e1m.\nThe name of my brand was inspired by my daughter, as the Latin meaning of the name Gr\u00e9ta is \u2018pearl\u2019. This is how Greta Aurea was born \u2014 meaning \u2018golden pearl\u2019.<\/h2>\t\t\t\t<\/div>\n\t\t\t\t<div class=\"elementor-element elementor-element-f15d4f3 elementor-widget elementor-widget-text-editor\" data-id=\"f15d4f3\" data-element_type=\"widget\" data-e-type=\"widget\" data-settings=\"{&quot;mauve_hidepaged&quot;:&quot;false&quot;}\" data-widget_type=\"text-editor.default\">\n\t\t\t\t\t\t\t\t\t<p>Creating has always been a part of my life. For over 8 years, I have been building my own small handmade business, exploring many creative fields along the way \u2014 from personalized gifts and floral arrangements to decorations and bag making.<\/p>\t\t\t\t\t\t\t\t<\/div>\n\t\t\t\t<\/div>\n\t\t\t\t\t<\/div>\n\t\t\t\t<\/div>\n\t\t<div class=\"elementor-element elementor-element-e1a1551 e-flex e-con-boxed e-con e-parent\" data-id=\"e1a1551\" data-element_type=\"container\" data-e-type=\"container\">\n\t\t\t\t\t<div class=\"e-con-inner\">\n\t\t<div class=\"elementor-element elementor-element-882eb34 e-con-full e-flex e-con e-child\" data-id=\"882eb34\" data-element_type=\"container\" data-e-type=\"container\">\n\t\t\t\t<div class=\"elementor-element elementor-element-70faf8b elementor-widget elementor-widget-heading\" data-id=\"70faf8b\" data-element_type=\"widget\" data-e-type=\"widget\" data-settings=\"{&quot;mauve_hidepaged&quot;:&quot;false&quot;}\" data-widget_type=\"heading.default\">\n\t\t\t\t\t<h2 class=\"elementor-heading-title elementor-size-default\">Yet no matter where my journey took me, I always found my way back to jewelry.\nThis is where I truly feel connected to what I create.<\/h2>\t\t\t\t<\/div>\n\t\t\t\t<div class=\"elementor-element elementor-element-4538c1c elementor-widget elementor-widget-text-editor\" data-id=\"4538c1c\" data-element_type=\"widget\" data-e-type=\"widget\" data-settings=\"{&quot;mauve_hidepaged&quot;:&quot;false&quot;}\" data-widget_type=\"text-editor.default\">\n\t\t\t\t\t\t\t\t\t<p>For me, jewelry is more than an accessory \u2014 it\u2019s a small, personal detail that makes everyday moments feel special.<\/p>\t\t\t\t\t\t\t\t<\/div>\n\t\t\t\t<\/div>\n\t\t<div class=\"elementor-element elementor-element-abf4d0e e-con-full e-flex e-con e-child\" data-id=\"abf4d0e\" data-element_type=\"container\" data-e-type=\"container\">\n\t\t\t\t<div class=\"elementor-element elementor-element-61a8d96 elementor-widget elementor-widget-image\" data-id=\"61a8d96\" data-element_type=\"widget\" data-e-type=\"widget\" data-settings=\"{&quot;mauve_hidepaged&quot;:&quot;false&quot;}\" data-widget_type=\"image.default\">\n\t\t\t\t\t\t\t\t\t\t\t\t\t\t\t<img decoding=\"async\" width=\"800\" height=\"1296\" src=\"https:\/\/gretaaurea.com\/wp-content\/uploads\/2026\/03\/grok-image-29069075-b9e2-45d1-a4fd-f5d1cfadfbe0.jpg\" class=\"attachment-full size-full wp-image-5202\" alt=\"\" srcset=\"https:\/\/gretaaurea.com\/wp-content\/uploads\/2026\/03\/grok-image-29069075-b9e2-45d1-a4fd-f5d1cfadfbe0.jpg 800w, https:\/\/gretaaurea.com\/wp-content\/uploads\/2026\/03\/grok-image-29069075-b9e2-45d1-a4fd-f5d1cfadfbe0-576x933.jpg 576w, https:\/\/gretaaurea.com\/wp-content\/uploads\/2026\/03\/grok-image-29069075-b9e2-45d1-a4fd-f5d1cfadfbe0-782x1267.jpg 782w, https:\/\/gretaaurea.com\/wp-content\/uploads\/2026\/03\/grok-image-29069075-b9e2-45d1-a4fd-f5d1cfadfbe0-600x972.jpg 600w\" sizes=\"(max-width: 800px) 100vw, 800px\" \/>\t\t\t\t\t\t\t\t\t\t\t\t\t\t\t<\/div>\n\t\t\t\t<\/div>\n\t\t\t\t\t<\/div>\n\t\t\t\t<\/div>\n\t\t<div class=\"elementor-element elementor-element-427a5a8 e-flex e-con-boxed e-con e-parent\" data-id=\"427a5a8\" data-element_type=\"container\" data-e-type=\"container\">\n\t\t\t\t\t<div class=\"e-con-inner\">\n\t\t<div class=\"elementor-element elementor-element-e798084 e-con-full e-flex e-con e-child\" data-id=\"e798084\" data-element_type=\"container\" data-e-type=\"container\">\n\t\t\t\t<div class=\"elementor-element elementor-element-8089a66 elementor-widget elementor-widget-heading\" data-id=\"8089a66\" data-element_type=\"widget\" data-e-type=\"widget\" data-settings=\"{&quot;mauve_hidepaged&quot;:&quot;false&quot;}\" data-widget_type=\"heading.default\">\n\t\t\t\t\t<h2 class=\"elementor-heading-title elementor-size-default\">At a Glance<\/h2>\t\t\t\t<\/div>\n\t\t\t\t<\/div>\n\t\t\t\t\t<\/div>\n\t\t\t\t<\/div>\n\t\t<div class=\"elementor-element elementor-element-f0cda4c e-grid e-con-boxed e-con e-parent\" data-id=\"f0cda4c\" data-element_type=\"container\" data-e-type=\"container\" data-settings=\"{&quot;background_background&quot;:&quot;classic&quot;,&quot;mauve_ext_is_background_parallax&quot;:&quot;false&quot;}\">\n\t\t\t\t\t<div class=\"e-con-inner\">\n\t\t\t\t<div data-animation-type=\"block\" class=\"elementor-element elementor-element-9dbb3d5 animated-slow mauve-separator-align-center animation_type_block elementor-invisible elementor-widget elementor-widget-mauve-fancy_heading\" data-id=\"9dbb3d5\" data-element_type=\"widget\" data-e-type=\"widget\" data-settings=\"{&quot;_animation&quot;:&quot;fadeIn&quot;,&quot;mauve_hidepaged&quot;:&quot;false&quot;,&quot;_animation_type&quot;:&quot;block&quot;}\" data-widget_type=\"mauve-fancy_heading.default\">\n\t\t\t\t<div class=\"elementor-widget-container\">\n\t\t\t\t\t\t\t<div class=\"mauve-fancy-heading mauve-heading-text-center\">\n\t\t\t<div class=\"mauve-fancy-heading-inner\">\n\t\t\t\t<div class=\"mauve-heading-subtitle\">Lives in<\/div><h2 class=\"mauve-heading-title\">Transylvania<\/h2>\t\t\t<\/div>\n\t\t<\/div>\n\t\t\t\t\t\t<\/div>\n\t\t\t\t<\/div>\n\t\t\t\t<div data-animation-type=\"block\" class=\"elementor-element elementor-element-7a5c29b animated-slow mauve-separator-align-center animation_type_block elementor-invisible elementor-widget elementor-widget-mauve-fancy_heading\" data-id=\"7a5c29b\" data-element_type=\"widget\" data-e-type=\"widget\" data-settings=\"{&quot;_animation&quot;:&quot;fadeIn&quot;,&quot;mauve_hidepaged&quot;:&quot;false&quot;,&quot;_animation_type&quot;:&quot;block&quot;}\" data-widget_type=\"mauve-fancy_heading.default\">\n\t\t\t\t<div class=\"elementor-widget-container\">\n\t\t\t\t\t\t\t<div class=\"mauve-fancy-heading mauve-heading-text-center\">\n\t\t\t<div class=\"mauve-fancy-heading-inner\">\n\t\t\t\t<div class=\"mauve-heading-subtitle\">Favorite Drink<\/div><h2 class=\"mauve-heading-title\">Vanilla iced coffee<\/h2>\t\t\t<\/div>\n\t\t<\/div>\n\t\t\t\t\t\t<\/div>\n\t\t\t\t<\/div>\n\t\t\t\t<div data-animation-type=\"block\" class=\"elementor-element elementor-element-3d98f7f animated-slow mauve-separator-align-center animation_type_block elementor-invisible elementor-widget elementor-widget-mauve-fancy_heading\" data-id=\"3d98f7f\" data-element_type=\"widget\" data-e-type=\"widget\" data-settings=\"{&quot;_animation&quot;:&quot;fadeIn&quot;,&quot;mauve_hidepaged&quot;:&quot;false&quot;,&quot;_animation_type&quot;:&quot;block&quot;}\" data-widget_type=\"mauve-fancy_heading.default\">\n\t\t\t\t<div class=\"elementor-widget-container\">\n\t\t\t\t\t\t\t<div class=\"mauve-fancy-heading mauve-heading-text-center\">\n\t\t\t<div class=\"mauve-fancy-heading-inner\">\n\t\t\t\t<div class=\"mauve-heading-subtitle\">Currently Listening To:<\/div><h2 class=\"mauve-heading-title\">Chill morning coffee playlist<\/h2>\t\t\t<\/div>\n\t\t<\/div>\n\t\t\t\t\t\t<\/div>\n\t\t\t\t<\/div>\n\t\t\t\t<div data-animation-type=\"block\" class=\"elementor-element elementor-element-82f760e animated-slow mauve-separator-align-center animation_type_block elementor-invisible elementor-widget elementor-widget-mauve-fancy_heading\" data-id=\"82f760e\" data-element_type=\"widget\" data-e-type=\"widget\" data-settings=\"{&quot;_animation&quot;:&quot;fadeIn&quot;,&quot;mauve_hidepaged&quot;:&quot;false&quot;,&quot;_animation_type&quot;:&quot;block&quot;}\" data-widget_type=\"mauve-fancy_heading.default\">\n\t\t\t\t<div class=\"elementor-widget-container\">\n\t\t\t\t\t\t\t<div class=\"mauve-fancy-heading mauve-heading-text-center\">\n\t\t\t<div class=\"mauve-fancy-heading-inner\">\n\t\t\t\t<div class=\"mauve-heading-subtitle\">Guilty pleasure<\/div><h2 class=\"mauve-heading-title\">Late-night Netflix<\/h2>\t\t\t<\/div>\n\t\t<\/div>\n\t\t\t\t\t\t<\/div>\n\t\t\t\t<\/div>\n\t\t\t\t<div data-animation-type=\"block\" class=\"elementor-element elementor-element-d2b107a animated-slow mauve-separator-align-center animation_type_block elementor-invisible elementor-widget elementor-widget-mauve-fancy_heading\" data-id=\"d2b107a\" data-element_type=\"widget\" data-e-type=\"widget\" data-settings=\"{&quot;_animation&quot;:&quot;fadeIn&quot;,&quot;mauve_hidepaged&quot;:&quot;false&quot;,&quot;_animation_type&quot;:&quot;block&quot;}\" data-widget_type=\"mauve-fancy_heading.default\">\n\t\t\t\t<div class=\"elementor-widget-container\">\n\t\t\t\t\t\t\t<div class=\"mauve-fancy-heading mauve-heading-text-center\">\n\t\t\t<div class=\"mauve-fancy-heading-inner\">\n\t\t\t\t<div class=\"mauve-heading-subtitle\">Hidden Skill:<\/div><h2 class=\"mauve-heading-title\">Handmade creations<\/h2>\t\t\t<\/div>\n\t\t<\/div>\n\t\t\t\t\t\t<\/div>\n\t\t\t\t<\/div>\n\t\t\t\t<div data-animation-type=\"block\" class=\"elementor-element elementor-element-ed7a07a animated-slow mauve-separator-align-center animation_type_block elementor-invisible elementor-widget elementor-widget-mauve-fancy_heading\" data-id=\"ed7a07a\" data-element_type=\"widget\" data-e-type=\"widget\" data-settings=\"{&quot;_animation&quot;:&quot;fadeIn&quot;,&quot;mauve_hidepaged&quot;:&quot;false&quot;,&quot;_animation_type&quot;:&quot;block&quot;}\" data-widget_type=\"mauve-fancy_heading.default\">\n\t\t\t\t<div class=\"elementor-widget-container\">\n\t\t\t\t\t\t\t<div class=\"mauve-fancy-heading mauve-heading-text-center\">\n\t\t\t<div class=\"mauve-fancy-heading-inner\">\n\t\t\t\t<div class=\"mauve-heading-subtitle\">Top Travel Destinations:<\/div><h2 class=\"mauve-heading-title\">Berg and Rome<\/h2>\t\t\t<\/div>\n\t\t<\/div>\n\t\t\t\t\t\t<\/div>\n\t\t\t\t<\/div>\n\t\t\t\t\t<\/div>\n\t\t\t\t<\/div>\n\t\t<div class=\"elementor-element elementor-element-7949059 e-flex e-con-boxed e-con e-parent\" data-id=\"7949059\" data-element_type=\"container\" data-e-type=\"container\">\n\t\t\t\t\t<div class=\"e-con-inner\">\n\t\t\t\t<div class=\"elementor-element elementor-element-f343d0a elementor-widget elementor-widget-text-editor\" data-id=\"f343d0a\" data-element_type=\"widget\" data-e-type=\"widget\" data-settings=\"{&quot;mauve_hidepaged&quot;:&quot;false&quot;}\" data-widget_type=\"text-editor.default\">\n\t\t\t\t\t\t\t\t\t<p data-start=\"174\" data-end=\"311\">My goal with Greta Aurea is to create more than just jewelry \u2014 I want to create pieces that feel personal, timeless, and meaningful.<\/p><p data-start=\"313\" data-end=\"505\">Each design is inspired by femininity, everyday beauty, and those small moments that make life special. I believe jewelry should not only complement your style, but also reflect who you are.<\/p><p data-start=\"507\" data-end=\"688\">Whether you are looking for something delicate for everyday wear or a piece that makes you feel a little more confident and radiant, Greta Aurea is here to be part of your story.<\/p>\t\t\t\t\t\t\t\t<\/div>\n\t\t\t\t<div class=\"elementor-element elementor-element-cdf69eb elementor-widget elementor-widget-text-editor\" data-id=\"cdf69eb\" data-element_type=\"widget\" data-e-type=\"widget\" data-settings=\"{&quot;mauve_hidepaged&quot;:&quot;false&quot;}\" data-widget_type=\"text-editor.default\">\n\t\t\t\t\t\t\t\t\t<p><strong>I invite you to collaborate with me!<\/strong><\/p>\t\t\t\t\t\t\t\t<\/div>\n\t\t\t\t\t<\/div>\n\t\t\t\t<\/div>\n\t\t\t\t<\/div>\n\t\t","protected":false},"excerpt":{"rendered":"<p>Hello! My name is Bea. Jewelry Designer Greta Aurea was born from a passion for creating something meaningful \u2014 pieces that women can wear every day and still feel special&#8230;.<\/p>","protected":false},"author":1,"featured_media":0,"parent":0,"menu_order":0,"comment_status":"closed","ping_status":"closed","template":"","meta":{"footnotes":""},"categories":[],"tags":[],"class_list":["post-1233","page","type-page","status-publish","hentry"],"jetpack_sharing_enabled":true,"_links":{"self":[{"href":"https:\/\/gretaaurea.com\/index.php?rest_route=\/wp\/v2\/pages\/1233","targetHints":{"allow":["GET"]}}],"collection":[{"href":"https:\/\/gretaaurea.com\/index.php?rest_route=\/wp\/v2\/pages"}],"about":[{"href":"https:\/\/gretaaurea.com\/index.php?rest_route=\/wp\/v2\/types\/page"}],"author":[{"embeddable":true,"href":"https:\/\/gretaaurea.com\/index.php?rest_route=\/wp\/v2\/users\/1"}],"replies":[{"embeddable":true,"href":"https:\/\/gretaaurea.com\/index.php?rest_route=%2Fwp%2Fv2%2Fcomments&post=1233"}],"version-history":[{"count":12,"href":"https:\/\/gretaaurea.com\/index.php?rest_route=\/wp\/v2\/pages\/1233\/revisions"}],"predecessor-version":[{"id":5214,"href":"https:\/\/gretaaurea.com\/index.php?rest_route=\/wp\/v2\/pages\/1233\/revisions\/5214"}],"wp:attachment":[{"href":"https:\/\/gretaaurea.com\/index.php?rest_route=%2Fwp%2Fv2%2Fmedia&parent=1233"}],"wp:term":[{"taxonomy":"category","embeddable":true,"href":"https:\/\/gretaaurea.com\/index.php?rest_route=%2Fwp%2Fv2%2Fcategories&post=1233"},{"taxonomy":"post_tag","embeddable":true,"href":"https:\/\/gretaaurea.com\/index.php?rest_route=%2Fwp%2Fv2%2Ftags&post=1233"}],"curies":[{"name":"wp","href":"https:\/\/api.w.org\/{rel}","templated":true}]}}